{"id":13,"date":"2017-03-08T13:55:05","date_gmt":"2017-03-08T16:55:05","guid":{"rendered":"http:\/\/localhost\/wp-themes\/car-repair-services\/?page_id=13"},"modified":"2020-08-17T07:07:20","modified_gmt":"2020-08-17T10:07:20","slug":"servicos","status":"publish","type":"page","link":"https:\/\/sepelubrificantes.com.br\/index.php\/servicos\/","title":{"rendered":"Servi\u00e7os"},"content":{"rendered":"<p>[vc_row el_class=&#8221;text-center vehicle-damage&#8221;][vc_column]    <div class=\"tab-content\">\n\n                <div class=\"row services-alt tab-pane fade active in\" id=\"services1\">\n                                <!-- post -->\n\n\t\t\t\t\t\n                    <div class=\"services-block-alt col-xs-6 col-sm-6 col-md-4\">\n                                            <div class=\"image\">\n                                                        <a href=\"https:\/\/sepelubrificantes.com.br\/index.php\/car-services\/automatic-updatesand-unlock\/\" class=\"image-scale-color\">\n                                <img loading=\"lazy\" decoding=\"async\" width=\"357\" height=\"242\" src=\"https:\/\/sepelubrificantes.com.br\/wp-content\/uploads\/2017\/03\/services-img-01-357x242.jpg\" class=\"img-responsive-inline wp-post-image\" alt=\"\" srcset=\"https:\/\/sepelubrificantes.com.br\/wp-content\/uploads\/2017\/03\/services-img-01-357x242.jpg 357w, https:\/\/sepelubrificantes.com.br\/wp-content\/uploads\/2017\/03\/services-img-01-300x204.jpg 300w, https:\/\/sepelubrificantes.com.br\/wp-content\/uploads\/2017\/03\/services-img-01.jpg 370w\" sizes=\"auto, (max-width: 357px) 100vw, 357px\" \/>                            <\/a>\n                                                        \t\t\t\t\t\t\t\t<i class=\"icon icon-oil\"><\/i>\n\t\t\t\t\t\t\t                            \n                        <\/div>\n                        <div class=\"caption\">\n                            <h3 class=\"title\">Troca de \u00d3leo<\/h3>\n                            <div class=\"text\">\n                                A troca de \u00f3leo \u00e9 uma das prioridades na revis\u00e3o do carro. A dica \u00e9 fazer a troca no per\u00edodo recomendado pelo fabricante. Essa informa\u00e7\u00e3o est\u00e1 no manual do propriet\u00e1rio, onde tamb\u00e9m consta o tipo de \u00f3leo e quantos litros devem ser usados. Quase todas as montadoras recomendam antecipar a troca em carros com \u201cuso severo\u201d do ve\u00edculo. Isso vale, principalmente, para ve\u00edculos que andam muito em engarrafamentos.                            <\/div>\n                                                            <a href=\"https:\/\/sepelubrificantes.com.br\/index.php\/car-services\/automatic-updatesand-unlock\/\" class=\"services-link icon-arrowhead-pointing-to-the-right\"><\/a>\n                            \n                        <\/div>\n                                            <\/div>\n\t\t\t\t\t\n                                        <!-- post -->\n\n\t\t\t\t\t\n                    <div class=\"services-block-alt col-xs-6 col-sm-6 col-md-4\">\n                                            <div class=\"image\">\n                                                        <a href=\"https:\/\/sepelubrificantes.com.br\/index.php\/car-services\/would-you-like-to\/\" class=\"image-scale-color\">\n                                <img loading=\"lazy\" decoding=\"async\" width=\"357\" height=\"242\" src=\"https:\/\/sepelubrificantes.com.br\/wp-content\/uploads\/2017\/03\/services-img-02-357x242.jpg\" class=\"img-responsive-inline wp-post-image\" alt=\"\" srcset=\"https:\/\/sepelubrificantes.com.br\/wp-content\/uploads\/2017\/03\/services-img-02-357x242.jpg 357w, https:\/\/sepelubrificantes.com.br\/wp-content\/uploads\/2017\/03\/services-img-02-300x204.jpg 300w, https:\/\/sepelubrificantes.com.br\/wp-content\/uploads\/2017\/03\/services-img-02.jpg 370w\" sizes=\"auto, (max-width: 357px) 100vw, 357px\" \/>                            <\/a>\n                                                        \t\t\t\t\t\t\t\t<i class=\"icon icon-disc-brake\"><\/i>\n\t\t\t\t\t\t\t                            \n                        <\/div>\n                        <div class=\"caption\">\n                            <h3 class=\"title\">Troca de Pastilha de Freio<\/h3>\n                            <div class=\"text\">\n                                Qualquer res\u00edduo pode comprometer o funcionamento do perfeito sistema de freio. Confie a seguran\u00e7a do seu carro \u00e0 quem possui experi\u00eancia em manuten\u00e7\u00e3o e troca de pastilhas de freio. Pe\u00e7as de alta qualidade, conforme especifica\u00e7\u00f5es do fabricante e um atendimento diferenciado.                            <\/div>\n                                                            <a href=\"https:\/\/sepelubrificantes.com.br\/index.php\/car-services\/would-you-like-to\/\" class=\"services-link icon-arrowhead-pointing-to-the-right\"><\/a>\n                            \n                        <\/div>\n                                            <\/div>\n\t\t\t\t\t\n                                        <!-- post -->\n\n\t\t\t\t\t\n                    <div class=\"services-block-alt col-xs-6 col-sm-6 col-md-4\">\n                                            <div class=\"image\">\n                                                        <a href=\"https:\/\/sepelubrificantes.com.br\/index.php\/car-services\/exhaustsystem-3\/\" class=\"image-scale-color\">\n                                <img loading=\"lazy\" decoding=\"async\" width=\"357\" height=\"242\" src=\"https:\/\/sepelubrificantes.com.br\/wp-content\/uploads\/2017\/03\/services-img-06-357x242.jpg\" class=\"img-responsive-inline wp-post-image\" alt=\"\" \/>                            <\/a>\n                                                        \t\t\t\t\t\t\t\t<i class=\"icon icon-exhaust-pipe\"><\/i>\n\t\t\t\t\t\t\t                            \n                        <\/div>\n                        <div class=\"caption\">\n                            <h3 class=\"title\">Troca de Surdina<\/h3>\n                            <div class=\"text\">\n                                Se a surdina do seu ve\u00edculo estiver fazendo algum ru\u00eddo ou se ele estiver engasgadando e perdendo pot\u00eancia, procure a Sep\u00e9. O conjunto de surdina em condi\u00e7\u00f5es normais de uso, reduz a polui\u00e7\u00e3o sonora e mant\u00e9m o bom desempenho do ve\u00edculo, pois ele \u00e9 o respons\u00e1vel pela libera\u00e7\u00e3o dos gases produzidos no motor.                            <\/div>\n                                                            <a href=\"https:\/\/sepelubrificantes.com.br\/index.php\/car-services\/exhaustsystem-3\/\" class=\"services-link icon-arrowhead-pointing-to-the-right\"><\/a>\n                            \n                        <\/div>\n                                            <\/div>\n\t\t\t\t\t\n                                        <!-- post -->\n\n\t\t\t\t\t\n                    <div class=\"services-block-alt col-xs-6 col-sm-6 col-md-4\">\n                                            <div class=\"image\">\n                                                        <a href=\"https:\/\/sepelubrificantes.com.br\/index.php\/car-services\/brakerepair-service-3\/\" class=\"image-scale-color\">\n                                <img loading=\"lazy\" decoding=\"async\" width=\"357\" height=\"242\" src=\"https:\/\/sepelubrificantes.com.br\/wp-content\/uploads\/2017\/03\/img_ar-condicionado-357x242.jpg\" class=\"img-responsive-inline wp-post-image\" alt=\"\" \/>                            <\/a>\n                                                        \t\t\t\t\t\t\t\t<i class=\"icon icon-people-1\"><\/i>\n\t\t\t\t\t\t\t                            \n                        <\/div>\n                        <div class=\"caption\">\n                            <h3 class=\"title\">Ar Condicionado Automotivo<\/h3>\n                            <div class=\"text\">\n                                Instala\u00e7\u00e3o de alarmes com componentes e isolantes de qualidade, para evitar mau contato e ru\u00eddos.                            <\/div>\n                                                            <a href=\"https:\/\/sepelubrificantes.com.br\/index.php\/car-services\/brakerepair-service-3\/\" class=\"services-link icon-arrowhead-pointing-to-the-right\"><\/a>\n                            \n                        <\/div>\n                                            <\/div>\n\t\t\t\t\t\n                                        <!-- post -->\n\n\t\t\t\t\t\n                    <div class=\"services-block-alt col-xs-6 col-sm-6 col-md-4\">\n                                            <div class=\"image\">\n                                                        <a href=\"https:\/\/sepelubrificantes.com.br\/index.php\/car-services\/transmissionservice-repair\/\" class=\"image-scale-color\">\n                                <img loading=\"lazy\" decoding=\"async\" width=\"357\" height=\"242\" src=\"https:\/\/sepelubrificantes.com.br\/wp-content\/uploads\/2017\/03\/img_pelicula-357x242.jpg\" class=\"img-responsive-inline wp-post-image\" alt=\"\" \/>                            <\/a>\n                                                        \t\t\t\t\t\t\t\t<i class=\"icon icon-gearshift\"><\/i>\n\t\t\t\t\t\t\t                            \n                        <\/div>\n                        <div class=\"caption\">\n                            <h3 class=\"title\">Pel\u00edcula Automotiva e Residencial<\/h3>\n                            <div class=\"text\">\n                                As pel\u00edculas de prote\u00e7\u00e3o oferecem conforto, diminuindo a luminosidade e aumentando a seguran\u00e7a, fazendo com que o ambiente interno, seja do ve\u00edculo ou da resid\u00eancia, fique mais agrad\u00e1vel. Al\u00e9m disso, elas ajudam a preservar pain\u00e9is e couro contra a a\u00e7\u00e3o do sol (descolora\u00e7\u00e3o) e reduzir o calor.                            <\/div>\n                                                            <a href=\"https:\/\/sepelubrificantes.com.br\/index.php\/car-services\/transmissionservice-repair\/\" class=\"services-link icon-arrowhead-pointing-to-the-right\"><\/a>\n                            \n                        <\/div>\n                                            <\/div>\n\t\t\t\t\t\n                                        <!-- post -->\n\n\t\t\t\t\t\n                    <div class=\"services-block-alt col-xs-6 col-sm-6 col-md-4\">\n                                            <div class=\"image\">\n                                                        <a href=\"https:\/\/sepelubrificantes.com.br\/index.php\/car-services\/tires-wheels-2\/\" class=\"image-scale-color\">\n                                <img loading=\"lazy\" decoding=\"async\" width=\"357\" height=\"242\" src=\"https:\/\/sepelubrificantes.com.br\/wp-content\/uploads\/2017\/03\/img_som-357x242.jpg\" class=\"img-responsive-inline wp-post-image\" alt=\"\" \/>                            <\/a>\n                                                        \t\t\t\t\t\t\t\t<i class=\"icon icon-car-wheel\"><\/i>\n\t\t\t\t\t\t\t                            \n                        <\/div>\n                        <div class=\"caption\">\n                            <h3 class=\"title\">Som Automotivo<\/h3>\n                            <div class=\"text\">\n                                Instala\u00e7\u00e3o de som automotivo.                            <\/div>\n                                                            <a href=\"https:\/\/sepelubrificantes.com.br\/index.php\/car-services\/tires-wheels-2\/\" class=\"services-link icon-arrowhead-pointing-to-the-right\"><\/a>\n                            \n                        <\/div>\n                                            <\/div>\n\t\t\t\t\t\n                                    <!-- post navigation -->\n            <\/div> <!--.services-alt-->\n        <\/div><!--.tab-content-->\n           \n    \n    [vc_empty_space][\/vc_column][\/vc_row]<\/p>\n","protected":false},"excerpt":{"rendered":"<p>[vc_row el_class=&#8221;text-center vehicle-damage&#8221;][vc_column][vc_empty_space][\/vc_column][\/vc_row]<\/p>\n","protected":false},"author":1,"featured_media":0,"parent":0,"menu_order":0,"comment_status":"closed","ping_status":"closed","template":"","meta":{"footnotes":""},"class_list":["post-13","page","type-page","status-publish"],"_links":{"self":[{"href":"https:\/\/sepelubrificantes.com.br\/index.php\/wp-json\/wp\/v2\/pages\/13","targetHints":{"allow":["GET"]}}],"collection":[{"href":"https:\/\/sepelubrificantes.com.br\/index.php\/wp-json\/wp\/v2\/pages"}],"about":[{"href":"https:\/\/sepelubrificantes.com.br\/index.php\/wp-json\/wp\/v2\/types\/page"}],"author":[{"embeddable":true,"href":"https:\/\/sepelubrificantes.com.br\/index.php\/wp-json\/wp\/v2\/users\/1"}],"replies":[{"embeddable":true,"href":"https:\/\/sepelubrificantes.com.br\/index.php\/wp-json\/wp\/v2\/comments?post=13"}],"version-history":[{"count":0,"href":"https:\/\/sepelubrificantes.com.br\/index.php\/wp-json\/wp\/v2\/pages\/13\/revisions"}],"wp:attachment":[{"href":"https:\/\/sepelubrificantes.com.br\/index.php\/wp-json\/wp\/v2\/media?parent=13"}],"curies":[{"name":"wp","href":"https:\/\/api.w.org\/{rel}","templated":true}]}}