{"id":1520,"date":"2017-03-08T07:18:04","date_gmt":"2017-03-08T10:18:04","guid":{"rendered":"http:\/\/localhost\/wp-themes\/car-repair-services\/?page_id=2"},"modified":"2020-08-26T11:51:29","modified_gmt":"2020-08-26T14:51:29","slug":"empresa","status":"publish","type":"page","link":"https:\/\/sepelubrificantes.com.br\/index.php\/empresa\/","title":{"rendered":"A Empresa"},"content":{"rendered":"<p>[vc_row][vc_column][vc_empty_space][\/vc_column][\/vc_row][vc_row css=&#8221;.vc_custom_1516675792626{padding-bottom: 20px !important;}&#8221;][vc_column][vc_row_inner el_class=&#8221;abot-txt&#8221;][vc_column_inner width=&#8221;7\/12&#8243;][vc_single_image image=&#8221;1703&#8243; img_size=&#8221;full&#8221;][\/vc_column_inner][vc_column_inner el_class=&#8221;about-us-after-image&#8221; width=&#8221;5\/12&#8243;][vc_empty_space height=&#8221;35px&#8221;][vc_column_text]<\/p>\n<h4><i>A Empresa<\/i><\/h4>\n<p class=\"font_7\" style=\"text-align: justify;\"><span class=\"color_20\">H\u00e1 mais de 20 anos trabalhando com troca de \u00f3leo automotivo em Porto Alegre\/RS, agora a empresa Sep\u00e9 Auto Pe\u00e7as oferece a seus clientes um servi\u00e7o diferenciado: troca de \u00f3leo delivery.<\/span><\/p>\n<p class=\"font_7\" style=\"text-align: justify;\"><span class=\"color_20\">Atualmente, a Sep\u00e9 t<\/span><span class=\"color_20\">rabalha com produtos\u00a0de classifica\u00e7\u00e3o SAE (Sociedade de Motores Automotivos), uma das mais conceituadas e que destaca-se pela sua viscosidade, a\u00a0API (Instituto Americano do Petr\u00f3leo), ACEA ( Associa\u00e7\u00e3o Europ\u00e9ia de construtores Automotivos) e\u00a0JASO (Organizac\u00e3o Automobil\u00edstica Japonesa).<\/span><\/p>\n<p class=\"font_7\"><span class=\"color_20\">Nosso objetivo \u00e9 oferecer tecnologia associada \u00a0\u00e0 qualidade e presta\u00e7\u00e3o de servi\u00e7os.<\/span><\/p>\n<p>[\/vc_column_text][\/vc_column_inner][\/vc_row_inner][\/vc_column][\/vc_row]<\/p>\n","protected":false},"excerpt":{"rendered":"<p>[vc_row][vc_column][vc_empty_space][\/vc_column][\/vc_row][vc_row css=&#8221;.vc_custom_1516675792626{padding-bottom: 20px !important;}&#8221;][vc_column][vc_row_inner el_class=&#8221;abot-txt&#8221;][vc_column_inner width=&#8221;7\/12&#8243;][vc_single_image image=&#8221;1703&#8243; img_size=&#8221;full&#8221;][\/vc_column_inner][vc_column_inner el_class=&#8221;about-us-after-image&#8221; width=&#8221;5\/12&#8243;][vc_empty_space height=&#8221;35px&#8221;][vc_column_text] A Empresa H\u00e1 mais de 20 anos trabalhando com troca de \u00f3leo automotivo em Porto Alegre\/RS, agora a empresa Sep\u00e9 Auto Pe\u00e7as oferece a seus clientes um servi\u00e7o diferenciado: troca de \u00f3leo delivery. Atualmente, a Sep\u00e9 trabalha com produtos\u00a0de classifica\u00e7\u00e3o SAE (Sociedade de Motores&#8230;<\/p>\n","protected":false},"author":1,"featured_media":0,"parent":0,"menu_order":0,"comment_status":"closed","ping_status":"closed","template":"","meta":{"footnotes":""},"class_list":["post-1520","page","type-page","status-publish"],"_links":{"self":[{"href":"https:\/\/sepelubrificantes.com.br\/index.php\/wp-json\/wp\/v2\/pages\/1520","targetHints":{"allow":["GET"]}}],"collection":[{"href":"https:\/\/sepelubrificantes.com.br\/index.php\/wp-json\/wp\/v2\/pages"}],"about":[{"href":"https:\/\/sepelubrificantes.com.br\/index.php\/wp-json\/wp\/v2\/types\/page"}],"author":[{"embeddable":true,"href":"https:\/\/sepelubrificantes.com.br\/index.php\/wp-json\/wp\/v2\/users\/1"}],"replies":[{"embeddable":true,"href":"https:\/\/sepelubrificantes.com.br\/index.php\/wp-json\/wp\/v2\/comments?post=1520"}],"version-history":[{"count":0,"href":"https:\/\/sepelubrificantes.com.br\/index.php\/wp-json\/wp\/v2\/pages\/1520\/revisions"}],"wp:attachment":[{"href":"https:\/\/sepelubrificantes.com.br\/index.php\/wp-json\/wp\/v2\/media?parent=1520"}],"curies":[{"name":"wp","href":"https:\/\/api.w.org\/{rel}","templated":true}]}}