{"id":48,"date":"2017-03-08T15:48:52","date_gmt":"2017-03-08T18:48:52","guid":{"rendered":"http:\/\/localhost\/wp-themes\/car-repair-services\/?page_id=48"},"modified":"2020-08-17T07:16:30","modified_gmt":"2020-08-17T10:16:30","slug":"contato","status":"publish","type":"page","link":"https:\/\/sepelubrificantes.com.br\/index.php\/contato\/","title":{"rendered":"Contato"},"content":{"rendered":"<p>[vc_row el_class=&#8221;contact-hone-number&#8221; css=&#8221;.vc_custom_1516681192560{margin-bottom: 25px !important;}&#8221;][vc_column width=&#8221;4\/12&#8243;][vc_column_text css=&#8221;.vc_custom_1597659147548{margin-bottom: 0px !important;}&#8221;]<\/p>\n<h3>Tel: (51) 3029.6951<\/h3>\n<p>[\/vc_column_text][\/vc_column][vc_column width=&#8221;8\/12&#8243;][vc_column_text css=&#8221;.vc_custom_1597659194546{margin-bottom: 0px !important;}&#8221;]<\/p>\n<p class=\"font_8\">Est\u00e1 com d\u00favidas?<br \/>\nEntre em contato conosco que teremos prazer em esclarecer todas as d\u00favidas.<\/p>\n<p>[\/vc_column_text][\/vc_column][\/vc_row][vc_row][vc_column css=&#8221;.vc_custom_1516681333259{margin-bottom: 5px !important;}&#8221;][vc_widget_sidebar sidebar_id=&#8221;contact_us_sideber&#8221;][\/vc_column][\/vc_row][vc_row el_class=&#8221;btn-contacts contacts-page&#8221;][vc_column][vc_column_text]<\/p>\n<h2>Formul\u00e1rio de Contato<\/h2>\n<p>[\/vc_column_text][contact-form-7 404 \"N\u00e3o encontrado\"][\/vc_column][\/vc_row]<\/p>\n","protected":false},"excerpt":{"rendered":"<p>[vc_row el_class=&#8221;contact-hone-number&#8221; css=&#8221;.vc_custom_1516681192560{margin-bottom: 25px !important;}&#8221;][vc_column width=&#8221;4\/12&#8243;][vc_column_text css=&#8221;.vc_custom_1597659147548{margin-bottom: 0px !important;}&#8221;] Tel: (51) 3029.6951 [\/vc_column_text][\/vc_column][vc_column width=&#8221;8\/12&#8243;][vc_column_text css=&#8221;.vc_custom_1597659194546{margin-bottom: 0px !important;}&#8221;] Est\u00e1 com d\u00favidas? Entre em contato conosco que teremos prazer em esclarecer todas as d\u00favidas. [\/vc_column_text][\/vc_column][\/vc_row][vc_row][vc_column css=&#8221;.vc_custom_1516681333259{margin-bottom: 5px !important;}&#8221;][vc_widget_sidebar sidebar_id=&#8221;contact_us_sideber&#8221;][\/vc_column][\/vc_row][vc_row el_class=&#8221;btn-contacts contacts-page&#8221;][vc_column][vc_column_text] Formul\u00e1rio de Contato [\/vc_column_text][\/vc_column][\/vc_row]<\/p>\n","protected":false},"author":1,"featured_media":0,"parent":0,"menu_order":0,"comment_status":"closed","ping_status":"closed","template":"","meta":{"footnotes":""},"class_list":["post-48","page","type-page","status-publish"],"_links":{"self":[{"href":"https:\/\/sepelubrificantes.com.br\/index.php\/wp-json\/wp\/v2\/pages\/48","targetHints":{"allow":["GET"]}}],"collection":[{"href":"https:\/\/sepelubrificantes.com.br\/index.php\/wp-json\/wp\/v2\/pages"}],"about":[{"href":"https:\/\/sepelubrificantes.com.br\/index.php\/wp-json\/wp\/v2\/types\/page"}],"author":[{"embeddable":true,"href":"https:\/\/sepelubrificantes.com.br\/index.php\/wp-json\/wp\/v2\/users\/1"}],"replies":[{"embeddable":true,"href":"https:\/\/sepelubrificantes.com.br\/index.php\/wp-json\/wp\/v2\/comments?post=48"}],"version-history":[{"count":0,"href":"https:\/\/sepelubrificantes.com.br\/index.php\/wp-json\/wp\/v2\/pages\/48\/revisions"}],"wp:attachment":[{"href":"https:\/\/sepelubrificantes.com.br\/index.php\/wp-json\/wp\/v2\/media?parent=48"}],"curies":[{"name":"wp","href":"https:\/\/api.w.org\/{rel}","templated":true}]}}